{"id":1507,"date":"2021-05-26T10:22:13","date_gmt":"2021-05-26T08:22:13","guid":{"rendered":"https:\/\/hotel.anticaabbazia.com\/?page_id=1507"},"modified":"2023-02-21T17:30:13","modified_gmt":"2023-02-21T16:30:13","slug":"zimmer","status":"publish","type":"page","link":"https:\/\/hotel.anticaabbazia.com\/de\/zimmer\/","title":{"rendered":"Zimmer"},"content":{"rendered":"\n<hr class=\"wp-block-separator\"\/>\n\n\n\n<figure class=\"wp-block-pullquote\"><blockquote><p>&#8222;Ein gutes Lachen und ein langer Schlaf sind die besten Heilmittel in der Geschichte des Arztes..&#8220;<\/p><cite>Irisches Sprichwort<\/cite><\/blockquote><\/figure>\n\n\n\n<hr class=\"wp-block-separator\"\/>\n\n\n\n<p>Das neue und zugleich charakteristische Hotel ist ideal f\u00fcr alle, die einen Urlaub inmitten der Natur verbringen m\u00f6chten, aber auch f\u00fcr diejenigen, die aus gesch\u00e4ftlichen Gr\u00fcnden in der Gegend sind. Die Zimmer sind mit antikem Holz und wiederverwendeten Materialien eingerichtet und haben einen minimalistischen, aber warmen Stil.<\/p>\n\n\n\n<hr class=\"wp-block-separator\"\/>\n","protected":false},"excerpt":{"rendered":"<p>&#8222;Ein gutes Lachen und ein langer Schlaf sind die besten Heilmittel in der Geschichte des Arztes..&#8220; Irisches Sprichwort Das neue und zugleich charakteristische Hotel ist ideal f\u00fcr alle, die einen Urlaub inmitten der Natur verbringen m\u00f6chten, aber auch f\u00fcr diejenigen, die aus gesch\u00e4ftlichen Gr\u00fcnden in der Gegend sind. Die Zimmer sind mit antikem Holz und [&hellip;]<\/p>\n","protected":false},"author":1,"featured_media":2991,"parent":0,"menu_order":0,"comment_status":"closed","ping_status":"closed","template":"template-blocchi-23.php","meta":[],"yoast_head":"<!-- This site is optimized with the Yoast SEO plugin v17.6 - https:\/\/yoast.com\/wordpress\/plugins\/seo\/ -->\n<meta name=\"description\" content=\"Die Zimmer sind minimalistisch, aber raffiniert eingerichtet und bieten Ihnen allen Komfort, den Sie brauchen.\" \/>\n<meta name=\"robots\" content=\"index, follow, max-snippet:-1, max-image-preview:large, max-video-preview:-1\" \/>\n<link rel=\"canonical\" href=\"https:\/\/hotel.anticaabbazia.com\/de\/zimmer\/\" \/>\n<meta property=\"og:locale\" content=\"de_DE\" \/>\n<meta property=\"og:type\" content=\"article\" \/>\n<meta property=\"og:title\" content=\"Zimmer Hotel Antica Abbazia | Bassano del Grappa | Albergo\" \/>\n<meta property=\"og:description\" content=\"Die Zimmer sind minimalistisch, aber raffiniert eingerichtet und bieten Ihnen allen Komfort, den Sie brauchen.\" \/>\n<meta property=\"og:url\" content=\"https:\/\/hotel.anticaabbazia.com\/de\/zimmer\/\" \/>\n<meta property=\"og:site_name\" content=\"Hotel Antica Abbazia | Bassano del Grappa | Albergo\" \/>\n<meta property=\"article:publisher\" content=\"https:\/\/www.facebook.com\/ristoranteanticaabbazia\/\" \/>\n<meta property=\"article:modified_time\" content=\"2023-02-21T16:30:13+00:00\" \/>\n<meta property=\"og:image\" content=\"https:\/\/hotel.anticaabbazia.com\/wp-content\/uploads\/2022\/12\/S7A5127-copia.jpg\" \/>\n\t<meta property=\"og:image:width\" content=\"2000\" \/>\n\t<meta property=\"og:image:height\" content=\"1334\" \/>\n<meta name=\"twitter:card\" content=\"summary_large_image\" \/>\n<meta name=\"twitter:label1\" content=\"Gesch\u00e4tzte Lesezeit\" \/>\n\t<meta name=\"twitter:data1\" content=\"1\u00a0Minute\" \/>\n<script type=\"application\/ld+json\" class=\"yoast-schema-graph\">{\"@context\":\"https:\/\/schema.org\",\"@graph\":[{\"@type\":\"Organization\",\"@id\":\"https:\/\/hotel.anticaabbazia.com\/#organization\",\"name\":\"Ristorante Antica Abbazia Borso del Grappa\",\"url\":\"https:\/\/hotel.anticaabbazia.com\/\",\"sameAs\":[\"https:\/\/www.facebook.com\/ristoranteanticaabbazia\/\",\"https:\/\/www.instagram.com\/anticaabbazia\/\"],\"logo\":{\"@type\":\"ImageObject\",\"@id\":\"https:\/\/hotel.anticaabbazia.com\/#logo\",\"inLanguage\":\"de\",\"url\":\"https:\/\/hotel.anticaabbazia.com\/wp-content\/uploads\/2020\/05\/02_LOGO_R-e1589958779306.png\",\"contentUrl\":\"https:\/\/hotel.anticaabbazia.com\/wp-content\/uploads\/2020\/05\/02_LOGO_R-e1589958779306.png\",\"width\":103,\"height\":70,\"caption\":\"Ristorante Antica Abbazia Borso del Grappa\"},\"image\":{\"@id\":\"https:\/\/hotel.anticaabbazia.com\/#logo\"}},{\"@type\":\"WebSite\",\"@id\":\"https:\/\/hotel.anticaabbazia.com\/#website\",\"url\":\"https:\/\/hotel.anticaabbazia.com\/\",\"name\":\"Ristorante Antica Abbazia - Borso del Grappa\",\"description\":\"L&#039;hotel Antica Abbazia si trova a pochi km dalla citt\\u00e0 di Bassano del Grappa\",\"publisher\":{\"@id\":\"https:\/\/hotel.anticaabbazia.com\/#organization\"},\"potentialAction\":[{\"@type\":\"SearchAction\",\"target\":{\"@type\":\"EntryPoint\",\"urlTemplate\":\"https:\/\/hotel.anticaabbazia.com\/?s={search_term_string}\"},\"query-input\":\"required name=search_term_string\"}],\"inLanguage\":\"de\"},{\"@type\":\"ImageObject\",\"@id\":\"https:\/\/hotel.anticaabbazia.com\/de\/zimmer\/#primaryimage\",\"inLanguage\":\"de\",\"url\":\"https:\/\/hotel.anticaabbazia.com\/wp-content\/uploads\/2022\/12\/S7A5127-copia.jpg\",\"contentUrl\":\"https:\/\/hotel.anticaabbazia.com\/wp-content\/uploads\/2022\/12\/S7A5127-copia.jpg\",\"width\":2000,\"height\":1334},{\"@type\":\"WebPage\",\"@id\":\"https:\/\/hotel.anticaabbazia.com\/de\/zimmer\/#webpage\",\"url\":\"https:\/\/hotel.anticaabbazia.com\/de\/zimmer\/\",\"name\":\"Zimmer Hotel Antica Abbazia | Bassano del Grappa | Albergo\",\"isPartOf\":{\"@id\":\"https:\/\/hotel.anticaabbazia.com\/#website\"},\"primaryImageOfPage\":{\"@id\":\"https:\/\/hotel.anticaabbazia.com\/de\/zimmer\/#primaryimage\"},\"datePublished\":\"2021-05-26T08:22:13+00:00\",\"dateModified\":\"2023-02-21T16:30:13+00:00\",\"description\":\"Die Zimmer sind minimalistisch, aber raffiniert eingerichtet und bieten Ihnen allen Komfort, den Sie brauchen.\",\"breadcrumb\":{\"@id\":\"https:\/\/hotel.anticaabbazia.com\/de\/zimmer\/#breadcrumb\"},\"inLanguage\":\"de\",\"potentialAction\":[{\"@type\":\"ReadAction\",\"target\":[\"https:\/\/hotel.anticaabbazia.com\/de\/zimmer\/\"]}]},{\"@type\":\"BreadcrumbList\",\"@id\":\"https:\/\/hotel.anticaabbazia.com\/de\/zimmer\/#breadcrumb\",\"itemListElement\":[{\"@type\":\"ListItem\",\"position\":1,\"name\":\"Home\",\"item\":\"https:\/\/hotel.anticaabbazia.com\/de\/\"},{\"@type\":\"ListItem\",\"position\":2,\"name\":\"Zimmer\"}]}]}<\/script>\n<!-- \/ Yoast SEO plugin. -->","yoast_head_json":{"description":"Die Zimmer sind minimalistisch, aber raffiniert eingerichtet und bieten Ihnen allen Komfort, den Sie brauchen.","robots":{"index":"index","follow":"follow","max-snippet":"max-snippet:-1","max-image-preview":"max-image-preview:large","max-video-preview":"max-video-preview:-1"},"canonical":"https:\/\/hotel.anticaabbazia.com\/de\/zimmer\/","og_locale":"de_DE","og_type":"article","og_title":"Zimmer Hotel Antica Abbazia | Bassano del Grappa | Albergo","og_description":"Die Zimmer sind minimalistisch, aber raffiniert eingerichtet und bieten Ihnen allen Komfort, den Sie brauchen.","og_url":"https:\/\/hotel.anticaabbazia.com\/de\/zimmer\/","og_site_name":"Hotel Antica Abbazia | Bassano del Grappa | Albergo","article_publisher":"https:\/\/www.facebook.com\/ristoranteanticaabbazia\/","article_modified_time":"2023-02-21T16:30:13+00:00","og_image":[{"width":2000,"height":1334,"url":"https:\/\/hotel.anticaabbazia.com\/wp-content\/uploads\/2022\/12\/S7A5127-copia.jpg","type":"image\/jpeg"}],"twitter_card":"summary_large_image","twitter_misc":{"Gesch\u00e4tzte Lesezeit":"1\u00a0Minute"},"schema":{"@context":"https:\/\/schema.org","@graph":[{"@type":"Organization","@id":"https:\/\/hotel.anticaabbazia.com\/#organization","name":"Ristorante Antica Abbazia Borso del Grappa","url":"https:\/\/hotel.anticaabbazia.com\/","sameAs":["https:\/\/www.facebook.com\/ristoranteanticaabbazia\/","https:\/\/www.instagram.com\/anticaabbazia\/"],"logo":{"@type":"ImageObject","@id":"https:\/\/hotel.anticaabbazia.com\/#logo","inLanguage":"de","url":"https:\/\/hotel.anticaabbazia.com\/wp-content\/uploads\/2020\/05\/02_LOGO_R-e1589958779306.png","contentUrl":"https:\/\/hotel.anticaabbazia.com\/wp-content\/uploads\/2020\/05\/02_LOGO_R-e1589958779306.png","width":103,"height":70,"caption":"Ristorante Antica Abbazia Borso del Grappa"},"image":{"@id":"https:\/\/hotel.anticaabbazia.com\/#logo"}},{"@type":"WebSite","@id":"https:\/\/hotel.anticaabbazia.com\/#website","url":"https:\/\/hotel.anticaabbazia.com\/","name":"Ristorante Antica Abbazia - Borso del Grappa","description":"L&#039;hotel Antica Abbazia si trova a pochi km dalla citt\u00e0 di Bassano del Grappa","publisher":{"@id":"https:\/\/hotel.anticaabbazia.com\/#organization"},"potentialAction":[{"@type":"SearchAction","target":{"@type":"EntryPoint","urlTemplate":"https:\/\/hotel.anticaabbazia.com\/?s={search_term_string}"},"query-input":"required name=search_term_string"}],"inLanguage":"de"},{"@type":"ImageObject","@id":"https:\/\/hotel.anticaabbazia.com\/de\/zimmer\/#primaryimage","inLanguage":"de","url":"https:\/\/hotel.anticaabbazia.com\/wp-content\/uploads\/2022\/12\/S7A5127-copia.jpg","contentUrl":"https:\/\/hotel.anticaabbazia.com\/wp-content\/uploads\/2022\/12\/S7A5127-copia.jpg","width":2000,"height":1334},{"@type":"WebPage","@id":"https:\/\/hotel.anticaabbazia.com\/de\/zimmer\/#webpage","url":"https:\/\/hotel.anticaabbazia.com\/de\/zimmer\/","name":"Zimmer Hotel Antica Abbazia | Bassano del Grappa | Albergo","isPartOf":{"@id":"https:\/\/hotel.anticaabbazia.com\/#website"},"primaryImageOfPage":{"@id":"https:\/\/hotel.anticaabbazia.com\/de\/zimmer\/#primaryimage"},"datePublished":"2021-05-26T08:22:13+00:00","dateModified":"2023-02-21T16:30:13+00:00","description":"Die Zimmer sind minimalistisch, aber raffiniert eingerichtet und bieten Ihnen allen Komfort, den Sie brauchen.","breadcrumb":{"@id":"https:\/\/hotel.anticaabbazia.com\/de\/zimmer\/#breadcrumb"},"inLanguage":"de","potentialAction":[{"@type":"ReadAction","target":["https:\/\/hotel.anticaabbazia.com\/de\/zimmer\/"]}]},{"@type":"BreadcrumbList","@id":"https:\/\/hotel.anticaabbazia.com\/de\/zimmer\/#breadcrumb","itemListElement":[{"@type":"ListItem","position":1,"name":"Home","item":"https:\/\/hotel.anticaabbazia.com\/de\/"},{"@type":"ListItem","position":2,"name":"Zimmer"}]}]}},"_links":{"self":[{"href":"https:\/\/hotel.anticaabbazia.com\/de\/wp-json\/wp\/v2\/pages\/1507"}],"collection":[{"href":"https:\/\/hotel.anticaabbazia.com\/de\/wp-json\/wp\/v2\/pages"}],"about":[{"href":"https:\/\/hotel.anticaabbazia.com\/de\/wp-json\/wp\/v2\/types\/page"}],"author":[{"embeddable":true,"href":"https:\/\/hotel.anticaabbazia.com\/de\/wp-json\/wp\/v2\/users\/1"}],"replies":[{"embeddable":true,"href":"https:\/\/hotel.anticaabbazia.com\/de\/wp-json\/wp\/v2\/comments?post=1507"}],"version-history":[{"count":2,"href":"https:\/\/hotel.anticaabbazia.com\/de\/wp-json\/wp\/v2\/pages\/1507\/revisions"}],"predecessor-version":[{"id":3182,"href":"https:\/\/hotel.anticaabbazia.com\/de\/wp-json\/wp\/v2\/pages\/1507\/revisions\/3182"}],"wp:featuredmedia":[{"embeddable":true,"href":"https:\/\/hotel.anticaabbazia.com\/de\/wp-json\/wp\/v2\/media\/2991"}],"wp:attachment":[{"href":"https:\/\/hotel.anticaabbazia.com\/de\/wp-json\/wp\/v2\/media?parent=1507"}],"curies":[{"name":"wp","href":"https:\/\/api.w.org\/{rel}","templated":true}]}}